{"id":1922,"date":"2016-03-11T12:50:42","date_gmt":"2016-03-11T11:50:42","guid":{"rendered":"http:\/\/www.ruggedhardware.de\/blog\/?page_id=1922"},"modified":"2016-03-12T22:41:28","modified_gmt":"2016-03-12T21:41:28","slug":"faq","status":"publish","type":"page","link":"https:\/\/www.ruggedhardware.de\/blog\/?page_id=1922","title":{"rendered":"ruggedized (FAQ)"},"content":{"rendered":"<p>Grunds\u00e4tzliches zu geh\u00e4rteter Rechnertechnik informativ aufgearbeitet<\/p>\n<p>Die Internetseiten der Hersteller liefern eine Vielzahl von Informationen, welche f\u00fcr<br \/>\nden t\u00e4glichen Betrieb der Ger\u00e4te als grundlegend zu bezeichnen sind. Handbuch und<br \/>\nDatenblatt sagen einiges \u00fcber die Verwendbarkeit und das Leistungsspektrum der<br \/>\nHardware aus. Im Folgenden gehen wir auf offensichtliche Unterschiede ein.<\/p>\n<p><span style=\"text-decoration: underline;\">Geh\u00e4usebau &#8211; Material und Grundkonstruktionen &gt;&gt;<\/span><\/p>\n<p>Als Werkstoff dienen in der Regel Aluminium-Magnesium-Legierungen, die zumeist im<br \/>\nDruckguss-Verfahren zum Rohgeh\u00e4use verarbeitet werden. Die Endbearbeitung erfolgt<br \/>\nzur Anpassung der Ma\u00dfe oder zur Ver\u00e4nderungen von Details mit spanenden Verfahren.<\/p>\n<p>vs.<\/p>\n<p>Kunststoffe im Geh\u00e4usebau, erstellt im Spritzgussverfahren. Die Gr\u00fcnde f\u00fcr die Nutzung<br \/>\nsind zahlreich. Konstruktive Vorteile finden wir bedingt bei der Elastizit\u00e4t der Werkstoffe.<br \/>\nAuch gelingt \u00fcber die Verwendung von Kunststoffen bisweilen Gewichtsersparnis. In den<br \/>\nmeisten F\u00e4llen z\u00e4hlt allerdings der gravierendste Vorteil &#8211; niedrige Produktionskosten.<\/p>\n<p>vs.<\/p>\n<p>Geh\u00e4use und Anbauteile aus Aluminium oder Kunststoff, Herstellung aus Vollmaterial.<br \/>\nDiese Fertigungsart erm\u00f6glicht durch den Einsatz moderner Maschinen die an sich perfekte<br \/>\nFormgebung, bei durchdachter Konstruktion. Unter Beachtung der Materialf\u00e4higkeiten<br \/>\nist das optimale Verh\u00e4ltnis von Haltbarkeit, Funktionalit\u00e4t und Gewicht gut zu erreichen.<br \/>\nIm Ergebnis technisch kaum zu \u00fcberbieten dr\u00fccken jedoch im Vergleich mit Gussverfahren<br \/>\nverst\u00e4ndlicherweise recht hohe Herstellungskosten.<\/p>\n<p>Das Zusammenf\u00fcgen von Geh\u00e4usen wird technisch wie folgt umgesetzt:<br \/>\nVerbund geschraubt, geklammert, verstiftet, geklebt, formschluss-gedichtet<\/p>\n<p><span style=\"text-decoration: underline;\">K\u00fchlung der Hardware &gt;&gt;<\/span><\/p>\n<p>Ein durchdachtes Geh\u00e4use ist die Grundlage f\u00fcr ein gutes Temperaturmanagement.<br \/>\nEntstehende W\u00e4rme muss gezielt aus dem Ger\u00e4t abgeleitet werden, um gleichm\u00e4\u00dfige<br \/>\nRechnerleistung zu gew\u00e4hrleisten. Die zur K\u00fchlung notwendigen W\u00e4rmeabgabepunkte<br \/>\nfinden Sie in der Regel im Handbuch zur Hardware unter Inbetriebnahme oder unter<br \/>\nVorsichtsma\u00dfnahmen n\u00e4her beschrieben.<\/p>\n<p>. aktiv gek\u00fchlt (Geh\u00e4use-K\u00fchlung \u00fcber L\u00fcfter, direkter Luft- Volumenaustausch, 1*)<br \/>\n. passiv gek\u00fchlt (ohne L\u00fcfter, Bauteil-K\u00fchlung ausschlie\u00dflich \u00fcber Geh\u00e4usefl\u00e4chen, 2*)<br \/>\n. aktiv gek\u00fchlt II (K\u00fchlung \u00fcber gekapselten L\u00fcfter mit L\u00fcftungskanal\/ W\u00e4rmetauscher, 2*)<\/p>\n<p>. 1* schlechte Schutzeigenschaften gegen Schmutz und Fremdk\u00f6rper<br \/>\n. 2* abgeschlossenes Ger\u00e4tegeh\u00e4use, gedichtet gegen Schmutz und Fremdk\u00f6rper<\/p>\n<p>Oben genannte K\u00fchlungstypen haben diverse Vor- und Nachteile. Sie unterscheiden sich<br \/>\nstark im dem zu betreibenden technischen Aufwand und im physikalischen Wirkungsgrad.<br \/>\nLetzteres bestimmt die Einsatzm\u00f6glichkeiten und Systemkompatibilit\u00e4t. Rein auf Leistung<br \/>\ngetrimmte Rechnersysteme produzieren mehr Abw\u00e4rme als solche, die mit dem Ziel eines<br \/>\nbesonderen Temperatur-Leistungsverh\u00e4ltnisses entwickelt wurden, beispielsweise Produkte<br \/>\nder Baureihen Ultra-Low Voltage oder spezielle Mobile-Prozessoren aus den Hause Intel.<\/p>\n<p>Entstehende W\u00e4rme muss effektiv von allen Bauteilen abgeleitet werden &#8211; wie geht das??<br \/>\nVoraussetzung ist ein Temperaturgef\u00e4lle, eine k\u00fchlere Umgebungstemperatur.<\/p>\n<p>Der einfachste Weg wird mit dem Austausch der im Ger\u00e4t befindlichen Luft beschritten.<br \/>\nEin L\u00fcfter saugt die warme Luft aus dem Ger\u00e4tegeh\u00e4use und zieht durch den enstehenden<br \/>\nUnterdruck Umgebungsluft in das Ger\u00e4tegeh\u00e4use ein. Unterst\u00fctzt wird der K\u00fchlfluss<br \/>\n\u00fcber einige im Geh\u00e4use befindlichen L\u00f6cher und L\u00fcftungsschlitze. Technisch einfach gel\u00f6st<br \/>\nst\u00f6\u00dft dieser K\u00fchlungstyp bei Verdecken oder Verstopfen der L\u00fcftungsl\u00f6cher und Schlitze<br \/>\nan seine Grenzen. Angesaugter Staub, Flusen, Tierhaare sind vom Lufteintritt fernzuhalten,<br \/>\nregelm\u00e4\u00dfig zu entfernen. Auch au\u00dfen am Geh\u00e4use anliegende Gegenst\u00e4nde sind hinderlich.<\/p>\n<p>Ausschlie\u00dflich passive K\u00fchlung erfolgt am Mainboard \u00fcber klar definierte \u00dcbergabepunkte.<br \/>\nDer Temperaturfluss geht vom Halbleiter \u00fcber Vollmaterial, W\u00e4rmeleitk\u00f6rper, Leit-Pads oder<br \/>\nW\u00e4rmeleitpasten an die gro\u00dffl\u00e4chigen Geh\u00e4usebauteile.<\/p>\n<p>Aktive K\u00fchlung mit gekapseltem L\u00fcfterkanal vereint die beiden vorgenannten Bauformen,<br \/>\nim Grunde eine `l\u00fcftergest\u00fctzte passive K\u00fchlung`. Die angesaugte Umgebungsluft streift<br \/>\n\u00fcber einen abgeschlossenen Luftkanal einen K\u00fchlk\u00f6rper und sorgt so f\u00fcr stetigen Durchsatz<br \/>\nan der K\u00fchlfl\u00e4che.<\/p>\n<p><span style=\"text-decoration: underline;\">Grundkonfiguration Hardware &#8211; Best\u00fcckung des Mainboards, BIOS\/ UEFI &gt;&gt;<\/span><\/p>\n<p>Die Konfiguration eines Ger\u00e4ts ergibt sich aus der technischen Beschreibung bzw. aus<br \/>\nden technischen Daten des Datenblatts. Zu bemerken sind bei Hardware-Vergleichen gro\u00dfe<br \/>\nAbweichungen bei den Ausstattungen, bedingt durch den angedachten Einsatzzweck, n\u00f6tige<br \/>\nZuverl\u00e4ssigkeit und technische und\/ oder rechtliche Vorschriften bzw. Vorgaben.<\/p>\n<p>Der Anteil an Sonderger\u00e4ten, speziell hergestellt und konfiguriert f\u00fcr den einzelnen Kunden,<br \/>\nist recht hoch. Die Vielzahl der Nutzer bewegt sich in den Bereichen Industrie, Milit\u00e4r und<br \/>\nBeh\u00f6rde. Die in diesen Kreisen \u00fcblichen Vorgaben und Standards haben direkten Einfluss<br \/>\nauf den Entwicklungsprozess der Hardware und die nachfolgende Serienproduktion dieser<br \/>\nGer\u00e4tschaften.<\/p>\n<p>Ausgew\u00e4hlt und verwendet werden Bauteile, welche \u00fcber l\u00e4ngeren Zeitraum getestet und<br \/>\ngepr\u00fcft wurden. Aus \u00a0Testergebnissen ergibt sich schlussendlich die m\u00f6gliche Verwendung.<br \/>\nDie selektierten Bauteile m\u00fcssen nicht nur technisch gut abschneiden. Dar\u00fcber hinaus wird<br \/>\neine langfristige Lieferf\u00e4higkeit vorausgesetzt &#8211; \u00fcblicherweise bis zu 10 Jahren, basierend auf<br \/>\nder Zusicherung `Bill Of Material`(BOM).<\/p>\n<p>In Kombination der verwendeten Hardware und angedachtem Betriebssystem wird die Wahl<br \/>\nzwischen BIOS, UEFI oder einer Kombination aus beiden Systemen getroffen.<\/p>\n<p><span style=\"text-decoration: underline;\">Optionale Hardware-Komponenten &gt;&gt;<\/span><\/p>\n<p>Schnittstellen wie WLan, Bluetooth, Mobil-Funkmodul, GPS sind f\u00fcr den Konsumermarkt<br \/>\nheute selbstverst\u00e4ndlich und auch nicht wegzudenken. Gegens\u00e4tzlich gestaltet sich die<br \/>\nSituation beim Verkauf geh\u00e4rteter Rechnertechnik. Nach wie vor entscheidet der Einsatz<br \/>\n\u00fcber Umfang und Art der Ausstattung, so zum Beispiel kundenspezifische L\u00f6sungen:<\/p>\n<p>. Industrie-Steckverbinder<br \/>\n. milit\u00e4rische System-Anschl\u00fcsse<br \/>\n. Anschl\u00fcsse f\u00fcr Sondermodule wie Funk, Netzwerk, Datenspeicher<\/p>\n<p>. Display-Ausf\u00fchrungen als Monochrom, Sunlight Readable, Optical Bonding, Night Vision<br \/>\n. beleuchtete Tastaturen als Chiclet, Gummi-Silikon (Salt and Fog), Night Vision Backlight<br \/>\n. interner Bordnetzadapter<br \/>\n. \u00dcberspannungsschutz<\/p>\n<p>. praktizierter Geh\u00e4useschutz gem. Standards IP54 bis IP68<\/p>\n<p>Ger\u00e4tebeschreibungen zu entnehmen sind geh\u00e4rtete Rechner ohnehin nach besonderen<br \/>\nKriterien entwickelt. Grundlegend zu bezeichnende Mil.- und Industrie-Standards finden<br \/>\nsich in Datenbl\u00e4ttern und Handb\u00fcchern wieder. Dar\u00fcber hinaus haben einige Anwendungen<br \/>\nh\u00f6here Anforderungen, welche technische Besonderheiten erfordern, so zum Beispiel<\/p>\n<p>. Hardware f\u00fcr den Einsatz in Ex-Schutzbereichen<br \/>\n. Ger\u00e4te mit Zulassung f\u00fcr den Einsatz in der Medizintechnik<br \/>\n. Rechnertechnik f\u00fcr die Nutzung in der Luft- und Raumfahrt<br \/>\n. Kernkomponenten f\u00fcr milit\u00e4rische Anwendung<br \/>\n. Einsatzmittel f\u00fcr den Bereich `BOS`<\/p>\n<p>. KFz-Einbauten gem. g\u00fcltiger KFz-Direktive, Ber\u00fccksichtigung der Sicherheit am Arbeitsplatz<\/p>\n<p><span style=\"text-decoration: underline;\">Welches Betriebssystem f\u00fcr welches Ger\u00e4t, OS-Voraussetzungen &gt;&gt;<\/span><\/p>\n<p>Der Schritt zur Verwendung eines Betriebssystems geschieht aus zahlreichen Motivationen,<br \/>\nwelche wir hier nicht behandeln wollen. Sicher ist, dass die m\u00f6glichen Betriebssysteme in<br \/>\neiner direkten Abh\u00e4ngigkeit zu Hardware und BIOS\/ UEFI stehen.<\/p>\n<p>Ger\u00e4tespezifische Treiber finden Sie auf den Support-Seiten von uns gest\u00fctzter Hersteller,<br \/>\nPanasonic, roda computer und Getac &#8211; Direktlink \u00fcber die FAQ unseres Info-Blogs.<\/p>\n<p>&nbsp;<\/p>\n<h6><a href=\"http:\/\/www.ruggedhardware.de\/blog\/?cat=15\" target=\"_blank\">Copyright \/ Urheberrecht &#8211; Plb. Rathjen.Meyer<\/a><\/h6>\n","protected":false},"excerpt":{"rendered":"<p>Grunds\u00e4tzliches zu geh\u00e4rteter Rechnertechnik informativ aufgearbeitet Die Internetseiten der Hersteller liefern eine Vielzahl von Informationen, welche f\u00fcr den t\u00e4glichen Betrieb der Ger\u00e4te als grundlegend zu bezeichnen sind. Handbuch und Datenblatt sagen einiges \u00fcber die Verwendbarkeit und das Leistungsspektrum der Hardware aus. Im Folgenden gehen wir auf offensichtliche Unterschiede ein. Geh\u00e4usebau &#8211; Material und Grundkonstruktionen &gt;&gt; [&hellip;]<\/p>\n","protected":false},"author":1,"featured_media":0,"parent":0,"menu_order":0,"comment_status":"closed","ping_status":"closed","template":"","meta":{"footnotes":""},"class_list":["post-1922","page","type-page","status-publish","hentry"],"_links":{"self":[{"href":"https:\/\/www.ruggedhardware.de\/blog\/index.php?rest_route=\/wp\/v2\/pages\/1922","targetHints":{"allow":["GET"]}}],"collection":[{"href":"https:\/\/www.ruggedhardware.de\/blog\/index.php?rest_route=\/wp\/v2\/pages"}],"about":[{"href":"https:\/\/www.ruggedhardware.de\/blog\/index.php?rest_route=\/wp\/v2\/types\/page"}],"author":[{"embeddable":true,"href":"https:\/\/www.ruggedhardware.de\/blog\/index.php?rest_route=\/wp\/v2\/users\/1"}],"replies":[{"embeddable":true,"href":"https:\/\/www.ruggedhardware.de\/blog\/index.php?rest_route=%2Fwp%2Fv2%2Fcomments&post=1922"}],"version-history":[{"count":36,"href":"https:\/\/www.ruggedhardware.de\/blog\/index.php?rest_route=\/wp\/v2\/pages\/1922\/revisions"}],"predecessor-version":[{"id":2002,"href":"https:\/\/www.ruggedhardware.de\/blog\/index.php?rest_route=\/wp\/v2\/pages\/1922\/revisions\/2002"}],"wp:attachment":[{"href":"https:\/\/www.ruggedhardware.de\/blog\/index.php?rest_route=%2Fwp%2Fv2%2Fmedia&parent=1922"}],"curies":[{"name":"wp","href":"https:\/\/api.w.org\/{rel}","templated":true}]}}