{"id":1897,"date":"2016-03-07T13:49:31","date_gmt":"2016-03-07T12:49:31","guid":{"rendered":"http:\/\/www.ruggedhardware.de\/blog\/?page_id=1897"},"modified":"2022-07-28T10:39:42","modified_gmt":"2022-07-28T09:39:42","slug":"getac-notebooks-und-tablets-faq","status":"publish","type":"page","link":"https:\/\/www.ruggedhardware.de\/blog\/?page_id=1897","title":{"rendered":"Getac, mobile Tech (FAQ)"},"content":{"rendered":"<p>Informationen zur Kl\u00e4rung g\u00e4ngiger Fragen (Frequently Asked Questions\/ FAQ)<\/p>\n<p>Hersteller `Getac`, geh\u00e4rtete Rechnertechnik, Notebooks und Tablets<\/p>\n<p><a href=\"http:\/\/de.getac.com\/support\/drivers.html\" target=\"_blank\" rel=\"noopener noreferrer\">Direkt-Link: Treiber und Produkt-Informationen des Herstellers Getac<\/a><\/p>\n<p>Inbetriebnahme \/ Re-Install<\/p>\n<p>\u00dcber den oben angegebenen Link gelangen Sie zum Getac-Download-Server.<br \/>\nDie zur Installation verwendbaren OEM-Treiber und zugeh\u00f6rige Applikationen<br \/>\nwerden nach Eingabe der Typ- und\/ oder Serial- Nummer \u00fcber die Suchmaske<br \/>\nausgew\u00e4hlt. Nach dem Download der Treiber-Pakete sind die einzelnen Dateien<br \/>\nfrei zug\u00e4nglich. Eine Kompatibilit\u00e4tspr\u00fcfung, Software\/ Treiber\/ Ger\u00e4tetyp, findet<br \/>\nvor der Installation nicht statt.<\/p>\n<p><span style=\"text-decoration: underline;\">Ger\u00e4tetypen &#8211; Part Number &gt;&gt;<\/span><\/p>\n<p>Die `Part Number`, abgebildetes Beispiel 5262125300MH, gibt Aufschluss \u00fcber<br \/>\ndie Konfiguration eines Getac- Ger\u00e4ts. Sonderger\u00e4te tragen meist eine zus\u00e4tzliche<br \/>\nSchl\u00fcsselnummer, welche die Zuweisung zu einem Nutzer erm\u00f6glicht.<\/p>\n<p><img loading=\"lazy\" decoding=\"async\" class=\"alignnone\" src=\"http:\/\/www.ruggedhardware.de\/blogparts\/TypGetacV100M.jpg\" alt=\"\" width=\"576\" height=\"355\" \/><\/p>\n<p><span style=\"text-decoration: underline;\">Nachr\u00fcsten von Komponenten &gt;&gt;<\/span><\/p>\n<p>Das nachtr\u00e4gliche Einr\u00fcsten von Bauteilen ist weit erschwert. Die Rechner sind<br \/>\nin der Regel nicht `vorger\u00fcstet`, sodass zur Hardware-Erweiterung wichtige<br \/>\nSchnittstellensockel, Platinen und z.B. Antennen f\u00fcr ein einfaches Nachr\u00fcsten fehlen.<br \/>\nM\u00f6glichkeiten m\u00fcssen im Einzelfall gekl\u00e4rt werden, ebenso Verf\u00fcgbarkeit und Preis<br \/>\nvon gesamt n\u00f6tigten\u00a0R\u00fcstsatzteilen.<\/p>\n<p><img loading=\"lazy\" decoding=\"async\" class=\"alignnone\" src=\"http:\/\/www.ruggedhardware.de\/blogparts\/GetacUpgrade.jpg\" alt=\"\" width=\"576\" height=\"383\" \/><\/p>\n<p><span style=\"text-decoration: underline;\">Betriebssysteme &#8211; Neuinstallation oder Upgrade &gt;&gt;<\/span><\/p>\n<p>Zur Neuinstallation eines Betriebssystem ist mindest ein Datentr\u00e4ger mit der<br \/>\nBasis-Installation erforderlich. Welche Form von Datentr\u00e4ger dies sein kann<br \/>\nund wie er zum Einsatz kommt, ist von dem einzelnen Ger\u00e4tetypen abh\u00e4ngig.<\/p>\n<p>Denkbar sind CD\/ DVD, USB-Stick, von Systemen auch erkannt\/ benannt als<br \/>\nUSB-Flash-Datentr\u00e4ger oder SD\/SDHC\/SDHX-Karten. Nicht bei allen Ger\u00e4ten<br \/>\nsteht ein SD-CardReader im Boot-Vorgang zur Verf\u00fcgung. Bei Unklarheiten<br \/>\nnehmen Sie das zugeh\u00f6rige Handbuch zur Hilfe &#8211; `ReInstall OS`.<\/p>\n<p>Erg\u00e4nzend werden nach einer Basis-Installation zur Hardware-Einrichtung<br \/>\ndie einzelnen Ger\u00e4te-Treiber hinzugef\u00fcgt. Bei Verwendung eines originalen<br \/>\nOS-Images \u00fcbernimmt die Software automatisch die Installation der speziellen<br \/>\nGer\u00e4te-Treiber. Auch stehen je nach Ger\u00e4tetyp Install-Tools zur Verf\u00fcgung.<\/p>\n<p>In der Vorbereitung denken Sie daran, dass BIOS\/ UEFI des Ger\u00e4ts zug\u00e4nglich<br \/>\nsein sollten, um, falls es n\u00f6tig ist, die Boot-Reihenfolge zu ver\u00e4ndern.<\/p>\n<p><a href=\"http:\/\/www.ruggedhardware.de\/blog\/?p=1554\" target=\"_blank\" rel=\"noopener noreferrer\">Blog- Eintrag, Information zu neuen Microsoft- Betriebssystemen<\/a><\/p>\n<p><span style=\"text-decoration: underline;\">Hauptlaufwerk HDD oder SSD ?? &gt;&gt;<\/span><\/p>\n<p>Immer wieder ergibt sich die Frage nach der Verwendung eines SSD, einem<br \/>\nSolid State Drive, dies zu verbauen anstatt einem HDD, einem Hard Disk Drive.<br \/>\nVor- und Nachteile werden ausdauernd diskutiert, auch das Verbauen von<br \/>\nKombinationslaufwerken, dem mittlerweile verf\u00fcgbaren Hybrid-Laufwerk.<\/p>\n<p><img loading=\"lazy\" decoding=\"async\" class=\"alignnone\" src=\"http:\/\/www.ruggedhardware.de\/blogparts\/GetacLw.jpg\" alt=\"\" width=\"576\" height=\"383\" \/><\/p>\n<p>Festzustellen ist, dass eine Nutzung der angesprochenen Laufwerkstypen in<br \/>\nAbh\u00e4ngigkeit zu den im Rechner verbauten Schnittstellen steht. Aus der verbauten<br \/>\nKonfiguration ergibt sich die M\u00f6glichkeit des Laufwerk-Anschlusses, eine Form von<br \/>\nDirektanschluss oder das Verwenden eines Adapters.<\/p>\n<p>Technische Einzelheiten sind stets in Abh\u00e4ngigkeit zum Ger\u00e4tetypen zu kl\u00e4ren.<\/p>\n<p>Bez\u00fcglich nicht behandelter Themen freuen wir uns \u00fcber Ihre Anfrage.<\/p>\n<p>&nbsp;<\/p>\n<h6><a href=\"http:\/\/www.ruggedhardware.de\/blog\/?page_id=1922\" target=\"_blank\" rel=\"noopener noreferrer\">ruggedized FAQ, erg\u00e4nzend zum Thema<\/a><\/h6>\n<h6><a href=\"https:\/\/www.ruggedhardware.de\/blog\/?p=1391\" target=\"_blank\" rel=\"noopener noreferrer\">Copyright \/ Urheberrecht \u2013 Plb. Rathjen.Meyer<\/a><\/h6>\n<p>&nbsp;<\/p>\n","protected":false},"excerpt":{"rendered":"<p>Informationen zur Kl\u00e4rung g\u00e4ngiger Fragen (Frequently Asked Questions\/ FAQ) Hersteller `Getac`, geh\u00e4rtete Rechnertechnik, Notebooks und Tablets Direkt-Link: Treiber und Produkt-Informationen des Herstellers Getac Inbetriebnahme \/ Re-Install \u00dcber den oben angegebenen Link gelangen Sie zum Getac-Download-Server. Die zur Installation verwendbaren OEM-Treiber und zugeh\u00f6rige Applikationen werden nach Eingabe der Typ- und\/ oder Serial- Nummer \u00fcber die Suchmaske [&hellip;]<\/p>\n","protected":false},"author":1,"featured_media":0,"parent":0,"menu_order":0,"comment_status":"closed","ping_status":"closed","template":"","meta":{"footnotes":""},"class_list":["post-1897","page","type-page","status-publish","hentry"],"_links":{"self":[{"href":"https:\/\/www.ruggedhardware.de\/blog\/index.php?rest_route=\/wp\/v2\/pages\/1897","targetHints":{"allow":["GET"]}}],"collection":[{"href":"https:\/\/www.ruggedhardware.de\/blog\/index.php?rest_route=\/wp\/v2\/pages"}],"about":[{"href":"https:\/\/www.ruggedhardware.de\/blog\/index.php?rest_route=\/wp\/v2\/types\/page"}],"author":[{"embeddable":true,"href":"https:\/\/www.ruggedhardware.de\/blog\/index.php?rest_route=\/wp\/v2\/users\/1"}],"replies":[{"embeddable":true,"href":"https:\/\/www.ruggedhardware.de\/blog\/index.php?rest_route=%2Fwp%2Fv2%2Fcomments&post=1897"}],"version-history":[{"count":36,"href":"https:\/\/www.ruggedhardware.de\/blog\/index.php?rest_route=\/wp\/v2\/pages\/1897\/revisions"}],"predecessor-version":[{"id":2686,"href":"https:\/\/www.ruggedhardware.de\/blog\/index.php?rest_route=\/wp\/v2\/pages\/1897\/revisions\/2686"}],"wp:attachment":[{"href":"https:\/\/www.ruggedhardware.de\/blog\/index.php?rest_route=%2Fwp%2Fv2%2Fmedia&parent=1897"}],"curies":[{"name":"wp","href":"https:\/\/api.w.org\/{rel}","templated":true}]}}