{"id":1889,"date":"2016-03-07T13:34:54","date_gmt":"2016-03-07T12:34:54","guid":{"rendered":"http:\/\/www.ruggedhardware.de\/blog\/?page_id=1889"},"modified":"2022-07-28T10:33:35","modified_gmt":"2022-07-28T09:33:35","slug":"toughbook-forum-hardware-faq","status":"publish","type":"page","link":"https:\/\/www.ruggedhardware.de\/blog\/?page_id=1889","title":{"rendered":"Toughbook &#038; ToughPad (FAQ)"},"content":{"rendered":"<p>Informationen zur Kl\u00e4rung g\u00e4ngiger Fragen (Frequently Asked Questions\/ FAQ)<\/p>\n<p>Hersteller `Panasonic`, Produktreihen Toughbook\/ ToughPad<\/p>\n<p><a href=\"http:\/\/pc-dl.panasonic.co.jp\/dl\/\" target=\"_blank\" rel=\"noopener noreferrer\">Direkt-Link: Treiber und Produkt-Informationen des Herstellers Panasonic<\/a><\/p>\n<p>Inbetriebnahme \/ Re-Install<\/p>\n<p>Der Download von OEM-Treibern und ger\u00e4tespezifische Applikationen steht<br \/>\nausschlie\u00dflich f\u00fcr die von Panasonic hergestellten Standardger\u00e4te zur Verf\u00fcgung.<br \/>\nN\u00f6tige Installationspakete f\u00fcr Sonderger\u00e4te, welche f\u00fcr Kunden nach besonderer<br \/>\nAnforderung hergestellt wurden, werden auf der Support-Seite nicht angeboten.<\/p>\n<p>Das Einpflegen der Ger\u00e4te-Treiber unterliegt bestimmten Reihenfolgen und<br \/>\nAusf\u00fchrungsschritten. Wird bei der Systemeinrichtung von diesen Vorgaben<br \/>\nabgewichen, so fehlen oftmals die allgemeinen Voraussetzungen f\u00fcr folgende<br \/>\nTreiber-Installationen. Beachten Sie deshalb die `OS Install Instructions`,<br \/>\nwelche als pdf-Datei ebenfalls im Download-Center hinterlegt sind.<\/p>\n<p><span style=\"text-decoration: underline;\">Ger\u00e4tetypen &#8211; TypNummer &gt;&gt;<\/span><\/p>\n<p>Die urspr\u00fcnglich bei Auslieferung eines Ger\u00e4ts bestehende Konfiguration ist<br \/>\nbei Panasonic Toughbook und ToughPad aus der Typnummer abzuleiten.<br \/>\nZugleich l\u00e4sst die Typnummer von Sonderger\u00e4ten eine klare Zuordnung zum<br \/>\nErstnutzer, zum eigentlichen Besteller der Ger\u00e4te, zu.<\/p>\n<p><img loading=\"lazy\" decoding=\"async\" class=\"alignnone\" src=\"http:\/\/www.ruggedhardware.de\/blogparts\/SerialPanasonic.jpg\" alt=\"\" width=\"576\" height=\"362\" \/><\/p>\n<p>Parallel zur Ausstattung, nebst verbauter Optionen eines Ger\u00e4ts, kann die Typ-<br \/>\nnummer auch R\u00fcckschlu\u00df auf die richtige BIOS\/ UEFI- Version und passendes<br \/>\nBetriebssystem geben.<\/p>\n<p><span style=\"text-decoration: underline;\">Nachr\u00fcsten von Komponenten &gt;&gt;<\/span><\/p>\n<p>Nachtr\u00e4gliches Einr\u00fcsten von Bauteilen, oft angesprochen Mobilfunk-Modem<br \/>\nund GPS, ist je nach Ger\u00e4tetyp nur begrenzt m\u00f6glich. Notwendige Basis ist ein<br \/>\nkompatibles BIOS\/ UEFI und die Pr\u00e4senz des passenden Anschlusses.<\/p>\n<p><img loading=\"lazy\" decoding=\"async\" class=\"alignnone\" src=\"http:\/\/www.ruggedhardware.de\/blogparts\/PanaParts.jpg\" alt=\"\" width=\"576\" height=\"380\" \/><\/p>\n<p><span style=\"text-decoration: underline;\">Betriebssysteme &#8211; Neuinstallation oder Upgrade &gt;&gt;<\/span><\/p>\n<p>Zur Neuinstallation eines Betriebssystem, die Ausl\u00f6ser hierzu sind vielf\u00e4ltig,<br \/>\nist mindest ein Datentr\u00e4ger mit der Basis-Installation erforderlich. Welcher<br \/>\nDatentr\u00e4ger dies sein kann und wie er zum Einsatz kommt, das ist von dem<br \/>\nvorliegenden Ger\u00e4tetypen abh\u00e4ngig. Denkbar sind CD\/ DVD, USB-Stick bzw.<br \/>\nUSB-Flash-Datentr\u00e4ger oder SD\/SDHC\/SDHX-Karten, so der SD-CardReader<br \/>\nim Boot-Vorgang zur Verf\u00fcgung steht. Bei Unklarheiten nehmen Sie das zum<br \/>\nGer\u00e4t geh\u00f6rige Handbuch zur Hilfe &#8211; `ReInstall OS`.<\/p>\n<p>Erg\u00e4nzend werden nach einer Basis-Installation zur Hardware-Einrichtung<br \/>\ndie einzelnen Ger\u00e4te-Treiber hinzugef\u00fcgt. Das Installieren eines originalen<br \/>\nOS-Images\/ Recovery \u00fcbernimmt automatisch die Installation der speziellen<br \/>\nGer\u00e4te-Treiber.<\/p>\n<p>\u00dcber zus\u00e4tzlich unabdingbare Bestandteile dieser Arbeit ist im Detail kurz<br \/>\nnachzudenken. Das BIOS\/ UEFI des Ger\u00e4ts sollte zug\u00e4nglich sein, um, falls es<br \/>\nn\u00f6tig ist, die Boot-Reihenfolge einstellen zu k\u00f6nnen. Eine m\u00f6gliche H\u00fcrde ist<br \/>\nan dieser Stelle ein vergebenes, nicht bekanntes oder fehlerhaftes Passwort.<\/p>\n<p><a href=\"http:\/\/www.ruggedhardware.de\/blog\/?p=1554\" target=\"_blank\" rel=\"noopener noreferrer\">Blog- Eintrag, Information zu neuen Microsoft- Betriebssystemen<\/a><\/p>\n<p><span style=\"text-decoration: underline;\">Hauptlaufwerk HDD oder SSD ?? &gt;&gt;<\/span><\/p>\n<p>Immer wieder ergibt sich die Frage nach der Verwendung eines SSD, einem<br \/>\nSolid State Drive, dies zu verbauen anstatt einem HDD, einem Hard Disk Drive.<br \/>\nVor- und Nachteile werden ausdauernd diskutiert, auch das Verbauen von<br \/>\nKombinationslaufwerken, mittlerweile verf\u00fcgbaren Hybrid-Laufwerken.<\/p>\n<p><img loading=\"lazy\" decoding=\"async\" class=\"alignnone\" src=\"http:\/\/www.ruggedhardware.de\/blogparts\/PanasonicLw.jpg\" alt=\"\" width=\"576\" height=\"383\" \/><\/p>\n<p>Die Nutzung der angesprochenen Laufwerkstypen ist in erster Linie von den im<br \/>\nRechner verbauten Schnittstellen abh\u00e4ngig. Gem\u00e4\u00df Hardware-Ausstattung ergeben<br \/>\nsich die M\u00f6glichkeiten zur Anschlussform, der realisierbare\u00a0Direktanschluss oder das<br \/>\nVerwenden eines Adapters.<\/p>\n<p>Technische Einzelheiten sind nur in Abh\u00e4ngigkeit zum Ger\u00e4tetypen zu kl\u00e4ren.<\/p>\n<p>Bez\u00fcglich nicht behandelter Themen freuen wir uns \u00fcber Ihre Anfrage.<\/p>\n<p>&nbsp;<\/p>\n<h6><a href=\"http:\/\/www.ruggedhardware.de\/blog\/?page_id=1922\" target=\"_blank\" rel=\"noopener noreferrer\">ruggedized FAQ, erg\u00e4nzend zum Thema<\/a><\/h6>\n<h6><a href=\"https:\/\/www.ruggedhardware.de\/blog\/?p=1391\" target=\"_blank\" rel=\"noopener noreferrer\">Copyright \/ Urheberrecht \u2013 Plb. Rathjen.Meyer<\/a><\/h6>\n<p>&nbsp;<\/p>\n","protected":false},"excerpt":{"rendered":"<p>Informationen zur Kl\u00e4rung g\u00e4ngiger Fragen (Frequently Asked Questions\/ FAQ) Hersteller `Panasonic`, Produktreihen Toughbook\/ ToughPad Direkt-Link: Treiber und Produkt-Informationen des Herstellers Panasonic Inbetriebnahme \/ Re-Install Der Download von OEM-Treibern und ger\u00e4tespezifische Applikationen steht ausschlie\u00dflich f\u00fcr die von Panasonic hergestellten Standardger\u00e4te zur Verf\u00fcgung. N\u00f6tige Installationspakete f\u00fcr Sonderger\u00e4te, welche f\u00fcr Kunden nach besonderer Anforderung hergestellt wurden, werden auf [&hellip;]<\/p>\n","protected":false},"author":1,"featured_media":0,"parent":0,"menu_order":0,"comment_status":"closed","ping_status":"closed","template":"","meta":{"footnotes":""},"class_list":["post-1889","page","type-page","status-publish","hentry"],"_links":{"self":[{"href":"https:\/\/www.ruggedhardware.de\/blog\/index.php?rest_route=\/wp\/v2\/pages\/1889","targetHints":{"allow":["GET"]}}],"collection":[{"href":"https:\/\/www.ruggedhardware.de\/blog\/index.php?rest_route=\/wp\/v2\/pages"}],"about":[{"href":"https:\/\/www.ruggedhardware.de\/blog\/index.php?rest_route=\/wp\/v2\/types\/page"}],"author":[{"embeddable":true,"href":"https:\/\/www.ruggedhardware.de\/blog\/index.php?rest_route=\/wp\/v2\/users\/1"}],"replies":[{"embeddable":true,"href":"https:\/\/www.ruggedhardware.de\/blog\/index.php?rest_route=%2Fwp%2Fv2%2Fcomments&post=1889"}],"version-history":[{"count":34,"href":"https:\/\/www.ruggedhardware.de\/blog\/index.php?rest_route=\/wp\/v2\/pages\/1889\/revisions"}],"predecessor-version":[{"id":2682,"href":"https:\/\/www.ruggedhardware.de\/blog\/index.php?rest_route=\/wp\/v2\/pages\/1889\/revisions\/2682"}],"wp:attachment":[{"href":"https:\/\/www.ruggedhardware.de\/blog\/index.php?rest_route=%2Fwp%2Fv2%2Fmedia&parent=1889"}],"curies":[{"name":"wp","href":"https:\/\/api.w.org\/{rel}","templated":true}]}}